{"id":34,"date":"2025-09-23T14:49:58","date_gmt":"2025-09-23T17:49:58","guid":{"rendered":"http:\/\/vidasabia.com.br\/?page_id=34"},"modified":"2026-01-12T11:08:23","modified_gmt":"2026-01-12T14:08:23","slug":"estamos-em-desenvolvimento","status":"publish","type":"page","link":"https:\/\/vidasabia.com.br\/","title":{"rendered":"Estamos em desenvolvimento"},"content":{"rendered":"\t\t<div data-elementor-type=\"wp-post\" data-elementor-id=\"34\" class=\"elementor elementor-34\">\n\t\t\t\t<div class=\"elementor-element elementor-element-f31d71d e-flex e-con-boxed e-con e-parent\" data-id=\"f31d71d\" data-element_type=\"container\" data-settings=\"{&quot;background_background&quot;:&quot;classic&quot;}\">\n\t\t\t\t\t<div class=\"e-con-inner\">\n\t\t\t\t<div class=\"elementor-element elementor-element-9316566 elementor-widget elementor-widget-image\" data-id=\"9316566\" data-element_type=\"widget\" data-widget_type=\"image.default\">\n\t\t\t\t\t\t\t\t\t\t\t\t\t\t\t<img fetchpriority=\"high\" decoding=\"async\" width=\"800\" height=\"450\" src=\"https:\/\/vidasabia.com.br\/wp-content\/uploads\/2026\/01\/Logo-V2-1024x576.png\" class=\"attachment-large size-large wp-image-44\" alt=\"\" srcset=\"https:\/\/vidasabia.com.br\/wp-content\/uploads\/2026\/01\/Logo-V2-1024x576.png 1024w, https:\/\/vidasabia.com.br\/wp-content\/uploads\/2026\/01\/Logo-V2-300x169.png 300w, https:\/\/vidasabia.com.br\/wp-content\/uploads\/2026\/01\/Logo-V2-768x432.png 768w, https:\/\/vidasabia.com.br\/wp-content\/uploads\/2026\/01\/Logo-V2-1536x864.png 1536w, https:\/\/vidasabia.com.br\/wp-content\/uploads\/2026\/01\/Logo-V2.png 1920w\" sizes=\"(max-width: 800px) 100vw, 800px\" \/>\t\t\t\t\t\t\t\t\t\t\t\t\t\t\t<\/div>\n\t\t\t\t<div class=\"elementor-element elementor-element-c18fed7 elementor-widget elementor-widget-heading\" data-id=\"c18fed7\" data-element_type=\"widget\" data-widget_type=\"heading.default\">\n\t\t\t\t\t<h3 class=\"elementor-heading-title elementor-size-default\">Nossa plataforma est\u00e1 em desenvolvimento.<\/h3>\t\t\t\t<\/div>\n\t\t\t\t<div class=\"elementor-element elementor-element-19bf37f elementor-widget elementor-widget-heading\" data-id=\"19bf37f\" data-element_type=\"widget\" data-widget_type=\"heading.default\">\n\t\t\t\t\t<h6 class=\"elementor-heading-title elementor-size-default\">para mais informa\u00e7\u00f5es acesse o Instagram @renicareca<\/h6>\t\t\t\t<\/div>\n\t\t\t\t\t<\/div>\n\t\t\t\t<\/div>\n\t\t\t\t<\/div>\n\t\t","protected":false},"excerpt":{"rendered":"<p>Nossa plataforma est\u00e1 em desenvolvimento. para mais informa\u00e7\u00f5es acesse o Instagram @renicareca<\/p>\n","protected":false},"author":1,"featured_media":0,"parent":0,"menu_order":0,"comment_status":"closed","ping_status":"closed","template":"elementor_canvas","meta":{"footnotes":""},"class_list":["post-34","page","type-page","status-publish","hentry"],"_links":{"self":[{"href":"https:\/\/vidasabia.com.br\/index.php?rest_route=\/wp\/v2\/pages\/34","targetHints":{"allow":["GET"]}}],"collection":[{"href":"https:\/\/vidasabia.com.br\/index.php?rest_route=\/wp\/v2\/pages"}],"about":[{"href":"https:\/\/vidasabia.com.br\/index.php?rest_route=\/wp\/v2\/types\/page"}],"author":[{"embeddable":true,"href":"https:\/\/vidasabia.com.br\/index.php?rest_route=\/wp\/v2\/users\/1"}],"replies":[{"embeddable":true,"href":"https:\/\/vidasabia.com.br\/index.php?rest_route=%2Fwp%2Fv2%2Fcomments&post=34"}],"version-history":[{"count":8,"href":"https:\/\/vidasabia.com.br\/index.php?rest_route=\/wp\/v2\/pages\/34\/revisions"}],"predecessor-version":[{"id":49,"href":"https:\/\/vidasabia.com.br\/index.php?rest_route=\/wp\/v2\/pages\/34\/revisions\/49"}],"wp:attachment":[{"href":"https:\/\/vidasabia.com.br\/index.php?rest_route=%2Fwp%2Fv2%2Fmedia&parent=34"}],"curies":[{"name":"wp","href":"https:\/\/api.w.org\/{rel}","templated":true}]}}